{"id":27089,"date":"2025-06-03T22:54:02","date_gmt":"2025-06-03T22:54:02","guid":{"rendered":"https:\/\/vista-framing.com\/?page_id=27089"},"modified":"2025-06-18T22:21:34","modified_gmt":"2025-06-18T22:21:34","slug":"certificados","status":"publish","type":"page","link":"https:\/\/vista-framing.com\/en\/certificados\/","title":{"rendered":"\u00a0Certificados"},"content":{"rendered":"<p><strong>NFRC \u2013 Certificaci\u00f3n de Eficiencia Energ\u00e9tica para Ventanas y Puertas<\/strong><\/p>\n\n\n\n<p class=\"has-text-align-left\">El <strong>NFRC<\/strong> <em>(National Fenestration Rating Council)<\/em>  es la organizaci\u00f3n encargada de establecer los est\u00e1ndares para medir y comparar el rendimiento energ\u00e9tico de ventanas, puertas y tragaluces en Estados Unidos. <\/p>\n\n\n\n<p class=\"has-text-align-left\">A trav\u00e9s de su sistema de certificaci\u00f3n y etiquetado, permite evaluar de forma precisa y objetiva aspectos clave como el coeficiente U, que indica la capacidad de aislamiento t\u00e9rmico, el coeficiente de ganancia de calor solar, que mide cu\u00e1nta energ\u00eda solar ingresa a trav\u00e9s del vidrio, la transmitancia visible, que determina cu\u00e1nta luz natural permite el sistema, la filtraci\u00f3n de aire, que refleja su nivel de hermeticidad, y la resistencia a la condensaci\u00f3n, que indica su comportamiento frente a la humedad interior, brindando informaci\u00f3n confiable para seleccionar soluciones eficientes y alineadas con los requisitos energ\u00e9ticos actuales.<\/p>\n\n\n\n<p><\/p>","protected":false},"excerpt":{"rendered":"<p>NFRC \u2013 Certificaci\u00f3n de Eficiencia Energ\u00e9tica para Ventanas y Puertas El NFRC (National Fenestration Rating Council) es la organizaci\u00f3n encargada de establecer los est\u00e1ndares para medir y comparar el rendimiento&hellip;<\/p>","protected":false},"author":1,"featured_media":0,"parent":0,"menu_order":0,"comment_status":"closed","ping_status":"closed","template":"","meta":{"footnotes":""},"class_list":["post-27089","page","type-page","status-publish","hentry"],"_links":{"self":[{"href":"https:\/\/vista-framing.com\/en\/wp-json\/wp\/v2\/pages\/27089","targetHints":{"allow":["GET"]}}],"collection":[{"href":"https:\/\/vista-framing.com\/en\/wp-json\/wp\/v2\/pages"}],"about":[{"href":"https:\/\/vista-framing.com\/en\/wp-json\/wp\/v2\/types\/page"}],"author":[{"embeddable":true,"href":"https:\/\/vista-framing.com\/en\/wp-json\/wp\/v2\/users\/1"}],"replies":[{"embeddable":true,"href":"https:\/\/vista-framing.com\/en\/wp-json\/wp\/v2\/comments?post=27089"}],"version-history":[{"count":3,"href":"https:\/\/vista-framing.com\/en\/wp-json\/wp\/v2\/pages\/27089\/revisions"}],"predecessor-version":[{"id":27206,"href":"https:\/\/vista-framing.com\/en\/wp-json\/wp\/v2\/pages\/27089\/revisions\/27206"}],"wp:attachment":[{"href":"https:\/\/vista-framing.com\/en\/wp-json\/wp\/v2\/media?parent=27089"}],"curies":[{"name":"wp","href":"https:\/\/api.w.org\/{rel}","templated":true}]}}