{"id":18312,"date":"2022-09-25T11:01:06","date_gmt":"2022-09-25T11:01:06","guid":{"rendered":"https:\/\/demov.boladenieve.com.mx\/?page_id=18312"},"modified":"2025-06-16T19:44:00","modified_gmt":"2025-06-16T19:44:00","slug":"nosotros","status":"publish","type":"page","link":"https:\/\/vista-framing.com\/en\/nosotros\/","title":{"rendered":"About us"},"content":{"rendered":"<div data-elementor-type=\"wp-page\" data-elementor-id=\"18312\" class=\"elementor elementor-18312\">\n\t\t\t\t\t\t<section class=\"elementor-section elementor-top-section elementor-element elementor-element-870803f elementor-section-boxed elementor-section-height-default elementor-section-height-default sc_fly_static\" data-id=\"870803f\" data-element_type=\"section\" data-e-type=\"section\">\n\t\t\t\t\t\t<div class=\"elementor-container elementor-column-gap-extended\">\n\t\t\t\t\t<div class=\"elementor-column elementor-col-100 elementor-top-column elementor-element elementor-element-84d9684 sc_content_align_inherit sc_layouts_column_icons_position_left sc_fly_static\" data-id=\"84d9684\" data-element_type=\"column\" data-e-type=\"column\">\n\t\t\t<div class=\"elementor-widget-wrap elementor-element-populated\">\n\t\t\t\t\t\t<div class=\"elementor-element elementor-element-7e6b35d sc_height_huge sc_fly_static elementor-widget elementor-widget-spacer\" data-id=\"7e6b35d\" data-element_type=\"widget\" data-e-type=\"widget\" data-widget_type=\"spacer.default\">\n\t\t\t\t<div class=\"elementor-widget-container\">\n\t\t\t\t\t\t\t<div class=\"elementor-spacer\">\n\t\t\t<div class=\"elementor-spacer-inner\"><\/div>\n\t\t<\/div>\n\t\t\t\t\t\t<\/div>\n\t\t\t\t<\/div>\n\t\t\t\t\t<\/div>\n\t\t<\/div>\n\t\t\t\t\t<\/div>\n\t\t<\/section>\n\t\t\t\t<section class=\"elementor-section elementor-top-section elementor-element elementor-element-ea77c9f elementor-section-boxed elementor-section-height-default elementor-section-height-default sc_fly_static\" data-id=\"ea77c9f\" data-element_type=\"section\" data-e-type=\"section\">\n\t\t\t\t\t\t<div class=\"elementor-container elementor-column-gap-extended\">\n\t\t\t\t\t<div class=\"elementor-column elementor-col-100 elementor-top-column elementor-element elementor-element-a0ae273 sc_content_align_inherit sc_layouts_column_icons_position_left sc_fly_static\" data-id=\"a0ae273\" data-element_type=\"column\" data-e-type=\"column\">\n\t\t\t<div class=\"elementor-widget-wrap elementor-element-populated\">\n\t\t\t\t\t\t<div class=\"elementor-element elementor-element-cc10dd8 sc_fly_static elementor-widget elementor-widget-heading\" data-id=\"cc10dd8\" data-element_type=\"widget\" data-e-type=\"widget\" data-widget_type=\"heading.default\">\n\t\t\t\t<div class=\"elementor-widget-container\">\n\t\t\t\t\t<h3 class=\"elementor-heading-title elementor-size-default\">Who is VISTA?<\/h3>\t\t\t\t<\/div>\n\t\t\t\t<\/div>\n\t\t\t\t<div class=\"elementor-element elementor-element-a35fefb sc_fly_static elementor-widget elementor-widget-spacer\" data-id=\"a35fefb\" data-element_type=\"widget\" data-e-type=\"widget\" data-widget_type=\"spacer.default\">\n\t\t\t\t<div class=\"elementor-widget-container\">\n\t\t\t\t\t\t\t<div class=\"elementor-spacer\">\n\t\t\t<div class=\"elementor-spacer-inner\"><\/div>\n\t\t<\/div>\n\t\t\t\t\t\t<\/div>\n\t\t\t\t<\/div>\n\t\t\t\t\t<\/div>\n\t\t<\/div>\n\t\t\t\t\t<\/div>\n\t\t<\/section>\n\t\t\t\t<section class=\"elementor-section elementor-top-section elementor-element elementor-element-a632319 elementor-section-boxed elementor-section-height-default elementor-section-height-default sc_fly_static\" data-id=\"a632319\" data-element_type=\"section\" data-e-type=\"section\">\n\t\t\t\t\t\t<div class=\"elementor-container elementor-column-gap-extended\">\n\t\t\t\t\t<div class=\"elementor-column elementor-col-100 elementor-top-column elementor-element elementor-element-e315570 sc_content_align_inherit sc_layouts_column_icons_position_left sc_fly_static\" data-id=\"e315570\" data-element_type=\"column\" data-e-type=\"column\">\n\t\t\t<div class=\"elementor-widget-wrap elementor-element-populated\">\n\t\t\t\t\t\t<div class=\"elementor-element elementor-element-076eca2 sc_fly_static elementor-widget elementor-widget-text-editor\" data-id=\"076eca2\" data-element_type=\"widget\" data-e-type=\"widget\" data-widget_type=\"text-editor.default\">\n\t\t\t\t<div class=\"elementor-widget-container\">\n\t\t\t\t\t\t\t\t\t<p>We are a company dedicated to the design and manufacture of high-performance windows and doors using Swiss technology, combining minimalist designs with high quality standards. Our products are manufactured at our state-of-the-art facilities in Quer\u00e9taro, Mexico.<\/p><p>Today, our systems are part of high-end architectural projects in Mexico, U.S.A, and Canada.<\/p>\t\t\t\t\t\t\t\t<\/div>\n\t\t\t\t<\/div>\n\t\t\t\t<div class=\"elementor-element elementor-element-0725491 sc_fly_static elementor-widget elementor-widget-spacer\" data-id=\"0725491\" data-element_type=\"widget\" data-e-type=\"widget\" data-widget_type=\"spacer.default\">\n\t\t\t\t<div class=\"elementor-widget-container\">\n\t\t\t\t\t\t\t<div class=\"elementor-spacer\">\n\t\t\t<div class=\"elementor-spacer-inner\"><\/div>\n\t\t<\/div>\n\t\t\t\t\t\t<\/div>\n\t\t\t\t<\/div>\n\t\t\t\t\t<\/div>\n\t\t<\/div>\n\t\t\t\t\t<\/div>\n\t\t<\/section>\n\t\t\t\t<section class=\"elementor-section elementor-top-section elementor-element elementor-element-af12ca4 elementor-section-boxed elementor-section-height-default elementor-section-height-default sc_fly_static\" data-id=\"af12ca4\" data-element_type=\"section\" data-e-type=\"section\">\n\t\t\t\t\t\t<div class=\"elementor-container elementor-column-gap-extended\">\n\t\t\t\t\t<div class=\"elementor-column elementor-col-50 elementor-top-column elementor-element elementor-element-c5ffeb9 sc_content_align_inherit sc_layouts_column_icons_position_left sc_fly_static\" data-id=\"c5ffeb9\" data-element_type=\"column\" data-e-type=\"column\">\n\t\t\t<div class=\"elementor-widget-wrap elementor-element-populated\">\n\t\t\t\t\t\t<div class=\"elementor-element elementor-element-54169d5 elementor-widget__width-initial sc_fly_static elementor-widget elementor-widget-image\" data-id=\"54169d5\" data-element_type=\"widget\" data-e-type=\"widget\" data-widget_type=\"image.default\">\n\t\t\t\t<div class=\"elementor-widget-container\">\n\t\t\t\t\t\t\t\t\t\t\t\t\t\t\t<img fetchpriority=\"high\" decoding=\"async\" width=\"1000\" height=\"656\" src=\"https:\/\/vista-framing.com\/wp-content\/uploads\/2025\/02\/Venta-quienes-somos.jpg\" class=\"attachment-large size-large wp-image-26257\" alt=\"\" srcset=\"https:\/\/vista-framing.com\/wp-content\/uploads\/2025\/02\/Venta-quienes-somos.jpg 1000w, https:\/\/vista-framing.com\/wp-content\/uploads\/2025\/02\/Venta-quienes-somos-300x197.jpg 300w, https:\/\/vista-framing.com\/wp-content\/uploads\/2025\/02\/Venta-quienes-somos-768x504.jpg 768w, https:\/\/vista-framing.com\/wp-content\/uploads\/2025\/02\/Venta-quienes-somos-370x243.jpg 370w, https:\/\/vista-framing.com\/wp-content\/uploads\/2025\/02\/Venta-quienes-somos-840x551.jpg 840w, https:\/\/vista-framing.com\/wp-content\/uploads\/2025\/02\/Venta-quienes-somos-410x269.jpg 410w, https:\/\/vista-framing.com\/wp-content\/uploads\/2025\/02\/Venta-quienes-somos-600x394.jpg 600w\" sizes=\"(max-width: 1000px) 100vw, 1000px\" \/>\t\t\t\t\t\t\t\t\t\t\t\t\t\t\t<\/div>\n\t\t\t\t<\/div>\n\t\t\t\t\t<\/div>\n\t\t<\/div>\n\t\t\t\t<div class=\"elementor-column elementor-col-50 elementor-top-column elementor-element elementor-element-9aca13a sc_content_align_inherit sc_layouts_column_icons_position_left sc_fly_static\" data-id=\"9aca13a\" data-element_type=\"column\" data-e-type=\"column\">\n\t\t\t<div class=\"elementor-widget-wrap elementor-element-populated\">\n\t\t\t\t\t\t<div class=\"elementor-element elementor-element-18e011b elementor-widget__width-initial sc_fly_static elementor-widget elementor-widget-text-editor\" data-id=\"18e011b\" data-element_type=\"widget\" data-e-type=\"widget\" data-widget_type=\"text-editor.default\">\n\t\t\t\t<div class=\"elementor-widget-container\">\n\t\t\t\t\t\t\t\t\t<p>At VISTA, we stand out for our commitment to excellence. Every product that leaves our facilities is the result of rigorous quality control and meticulous attention to detail. But our dedication doesn\u2019t stop there\u2014we also strive to provide exceptional customer service, ensuring that every interaction with our company is as seamless as our products.<\/p><p>At VISTA, we don\u2019t just build products; we create unique and responsible environments.<\/p>\t\t\t\t\t\t\t\t<\/div>\n\t\t\t\t<\/div>\n\t\t\t\t<div class=\"elementor-element elementor-element-a45ced5 sc_fly_static elementor-widget elementor-widget-spacer\" data-id=\"a45ced5\" data-element_type=\"widget\" data-e-type=\"widget\" data-widget_type=\"spacer.default\">\n\t\t\t\t<div class=\"elementor-widget-container\">\n\t\t\t\t\t\t\t<div class=\"elementor-spacer\">\n\t\t\t<div class=\"elementor-spacer-inner\"><\/div>\n\t\t<\/div>\n\t\t\t\t\t\t<\/div>\n\t\t\t\t<\/div>\n\t\t\t\t<div class=\"elementor-element elementor-element-f717634 sc_fly_static elementor-widget elementor-widget-spacer\" data-id=\"f717634\" data-element_type=\"widget\" data-e-type=\"widget\" data-widget_type=\"spacer.default\">\n\t\t\t\t<div class=\"elementor-widget-container\">\n\t\t\t\t\t\t\t<div class=\"elementor-spacer\">\n\t\t\t<div class=\"elementor-spacer-inner\"><\/div>\n\t\t<\/div>\n\t\t\t\t\t\t<\/div>\n\t\t\t\t<\/div>\n\t\t\t\t\t<\/div>\n\t\t<\/div>\n\t\t\t\t\t<\/div>\n\t\t<\/section>\n\t\t\t\t<section class=\"elementor-section elementor-top-section elementor-element elementor-element-e2061c0 elementor-section-boxed elementor-section-height-default elementor-section-height-default sc_fly_static\" data-id=\"e2061c0\" data-element_type=\"section\" data-e-type=\"section\">\n\t\t\t\t\t\t<div class=\"elementor-container elementor-column-gap-extended\">\n\t\t\t\t\t<div class=\"elementor-column elementor-col-100 elementor-top-column elementor-element elementor-element-3382675 sc_content_align_inherit sc_layouts_column_icons_position_left sc_fly_static\" data-id=\"3382675\" data-element_type=\"column\" data-e-type=\"column\">\n\t\t\t<div class=\"elementor-widget-wrap elementor-element-populated\">\n\t\t\t\t\t\t<div class=\"elementor-element elementor-element-78caaf7 sc_fly_static elementor-widget elementor-widget-spacer\" data-id=\"78caaf7\" data-element_type=\"widget\" data-e-type=\"widget\" data-widget_type=\"spacer.default\">\n\t\t\t\t<div class=\"elementor-widget-container\">\n\t\t\t\t\t\t\t<div class=\"elementor-spacer\">\n\t\t\t<div class=\"elementor-spacer-inner\"><\/div>\n\t\t<\/div>\n\t\t\t\t\t\t<\/div>\n\t\t\t\t<\/div>\n\t\t\t\t<div class=\"elementor-element elementor-element-dcdb30e sc_fly_static elementor-widget elementor-widget-text-editor\" data-id=\"dcdb30e\" data-element_type=\"widget\" data-e-type=\"widget\" data-widget_type=\"text-editor.default\">\n\t\t\t\t<div class=\"elementor-widget-container\">\n\t\t\t\t\t\t\t\t\t<p>We are proud to have a team of experts that blends technological innovation with a unique engineering approach, creating doors and windows that not only meet expectations but exceed them. We understand that every space tells a unique story and deserves to be expressed with the perfect combination of design, functionality, and elegance.<\/p>\t\t\t\t\t\t\t\t<\/div>\n\t\t\t\t<\/div>\n\t\t\t\t<div class=\"elementor-element elementor-element-1855d93 sc_fly_static elementor-widget elementor-widget-spacer\" data-id=\"1855d93\" data-element_type=\"widget\" data-e-type=\"widget\" data-widget_type=\"spacer.default\">\n\t\t\t\t<div class=\"elementor-widget-container\">\n\t\t\t\t\t\t\t<div class=\"elementor-spacer\">\n\t\t\t<div class=\"elementor-spacer-inner\"><\/div>\n\t\t<\/div>\n\t\t\t\t\t\t<\/div>\n\t\t\t\t<\/div>\n\t\t\t\t\t<\/div>\n\t\t<\/div>\n\t\t\t\t\t<\/div>\n\t\t<\/section>\n\t\t\t\t<section class=\"elementor-section elementor-top-section elementor-element elementor-element-de704e3 elementor-section-boxed elementor-section-height-default elementor-section-height-default sc_fly_static\" data-id=\"de704e3\" data-element_type=\"section\" data-e-type=\"section\">\n\t\t\t\t\t\t<div class=\"elementor-container elementor-column-gap-extended\">\n\t\t\t\t\t<div class=\"elementor-column elementor-col-100 elementor-top-column elementor-element elementor-element-cc4ff06 sc_content_align_inherit sc_layouts_column_icons_position_left sc_fly_static\" data-id=\"cc4ff06\" data-element_type=\"column\" data-e-type=\"column\">\n\t\t\t<div class=\"elementor-widget-wrap elementor-element-populated\">\n\t\t\t\t\t\t<div class=\"elementor-element elementor-element-b21f1a0 elementor-widget__width-initial sc_fly_static elementor-widget elementor-widget-image\" data-id=\"b21f1a0\" data-element_type=\"widget\" data-e-type=\"widget\" data-widget_type=\"image.default\">\n\t\t\t\t<div class=\"elementor-widget-container\">\n\t\t\t\t\t\t\t\t\t\t\t\t\t\t\t<img decoding=\"async\" width=\"1536\" height=\"850\" data-src=\"https:\/\/vista-framing.com\/wp-content\/uploads\/2025\/03\/IMG_0129-1-1536x850.jpeg\" class=\"attachment-1536x1536 size-1536x1536 wp-image-26914 lazyload\" alt=\"\" data-srcset=\"https:\/\/vista-framing.com\/wp-content\/uploads\/2025\/03\/IMG_0129-1-1536x850.jpeg 1536w, https:\/\/vista-framing.com\/wp-content\/uploads\/2025\/03\/IMG_0129-1-300x166.jpeg 300w, https:\/\/vista-framing.com\/wp-content\/uploads\/2025\/03\/IMG_0129-1-1024x566.jpeg 1024w, https:\/\/vista-framing.com\/wp-content\/uploads\/2025\/03\/IMG_0129-1-768x425.jpeg 768w, https:\/\/vista-framing.com\/wp-content\/uploads\/2025\/03\/IMG_0129-1-2048x1133.jpeg 2048w, https:\/\/vista-framing.com\/wp-content\/uploads\/2025\/03\/IMG_0129-1-18x10.jpeg 18w, https:\/\/vista-framing.com\/wp-content\/uploads\/2025\/03\/IMG_0129-1-370x205.jpeg 370w, https:\/\/vista-framing.com\/wp-content\/uploads\/2025\/03\/IMG_0129-1-840x465.jpeg 840w, https:\/\/vista-framing.com\/wp-content\/uploads\/2025\/03\/IMG_0129-1-410x227.jpeg 410w, https:\/\/vista-framing.com\/wp-content\/uploads\/2025\/03\/IMG_0129-1-600x332.jpeg 600w\" data-sizes=\"(max-width: 1536px) 100vw, 1536px\" src=\"data:image\/svg+xml;base64,PHN2ZyB3aWR0aD0iMSIgaGVpZ2h0PSIxIiB4bWxucz0iaHR0cDovL3d3dy53My5vcmcvMjAwMC9zdmciPjwvc3ZnPg==\" style=\"--smush-placeholder-width: 1536px; --smush-placeholder-aspect-ratio: 1536\/850;\" \/>\t\t\t\t\t\t\t\t\t\t\t\t\t\t\t<\/div>\n\t\t\t\t<\/div>\n\t\t\t\t<div class=\"elementor-element elementor-element-a46dd44 sc_fly_static elementor-widget elementor-widget-spacer\" data-id=\"a46dd44\" data-element_type=\"widget\" data-e-type=\"widget\" data-widget_type=\"spacer.default\">\n\t\t\t\t<div class=\"elementor-widget-container\">\n\t\t\t\t\t\t\t<div class=\"elementor-spacer\">\n\t\t\t<div class=\"elementor-spacer-inner\"><\/div>\n\t\t<\/div>\n\t\t\t\t\t\t<\/div>\n\t\t\t\t<\/div>\n\t\t\t\t\t<\/div>\n\t\t<\/div>\n\t\t\t\t\t<\/div>\n\t\t<\/section>\n\t\t\t\t<\/div>","protected":false},"excerpt":{"rendered":"<p>\u00bfQui\u00e9n es VISTA? Somos una empresa dedicada al dise\u00f1o y fabricaci\u00f3n de ventanas y puertas de alto rendimiento con tecnolog\u00eda suiza, combinando dise\u00f1os minimalistas y altos est\u00e1ndares de calidad.\u00a0 La&hellip;<\/p>","protected":false},"author":1,"featured_media":0,"parent":0,"menu_order":0,"comment_status":"closed","ping_status":"closed","template":"","meta":{"footnotes":""},"class_list":["post-18312","page","type-page","status-publish","hentry"],"_links":{"self":[{"href":"https:\/\/vista-framing.com\/en\/wp-json\/wp\/v2\/pages\/18312","targetHints":{"allow":["GET"]}}],"collection":[{"href":"https:\/\/vista-framing.com\/en\/wp-json\/wp\/v2\/pages"}],"about":[{"href":"https:\/\/vista-framing.com\/en\/wp-json\/wp\/v2\/types\/page"}],"author":[{"embeddable":true,"href":"https:\/\/vista-framing.com\/en\/wp-json\/wp\/v2\/users\/1"}],"replies":[{"embeddable":true,"href":"https:\/\/vista-framing.com\/en\/wp-json\/wp\/v2\/comments?post=18312"}],"version-history":[{"count":41,"href":"https:\/\/vista-framing.com\/en\/wp-json\/wp\/v2\/pages\/18312\/revisions"}],"predecessor-version":[{"id":27193,"href":"https:\/\/vista-framing.com\/en\/wp-json\/wp\/v2\/pages\/18312\/revisions\/27193"}],"wp:attachment":[{"href":"https:\/\/vista-framing.com\/en\/wp-json\/wp\/v2\/media?parent=18312"}],"curies":[{"name":"wp","href":"https:\/\/api.w.org\/{rel}","templated":true}]}}